{"id":216,"date":"2025-03-13T22:33:12","date_gmt":"2025-03-13T21:33:12","guid":{"rendered":"https:\/\/leddesign.hu\/?page_id=216"},"modified":"2026-01-02T22:48:37","modified_gmt":"2026-01-02T21:48:37","slug":"informaciok","status":"publish","type":"page","link":"https:\/\/leddesign.hu\/?page_id=216","title":{"rendered":"Inform\u00e1ci\u00f3k"},"content":{"rendered":"\n<div class=\"wp-block-buttons is-layout-flex wp-block-buttons-is-layout-flex\">\n<div class=\"wp-block-button has-custom-width wp-block-button__width-50\"><a class=\"wp-block-button__link wp-element-button\">\u00c1rak<\/a><\/div>\n<\/div>\n\n\n\n<div class=\"wp-block-buttons is-layout-flex wp-block-buttons-is-layout-flex\">\n<div class=\"wp-block-button has-custom-width wp-block-button__width-50\"><a class=\"wp-block-button__link wp-element-button\"><strong>cikkek, \u00edr\u00e1sok<\/strong><\/a><\/div>\n<\/div>\n\n\n\n<div class=\"wp-block-buttons is-layout-flex wp-block-buttons-is-layout-flex\">\n<div class=\"wp-block-button has-custom-width wp-block-button__width-50\"><a class=\"wp-block-button__link wp-element-button\"><strong>Partnereink<\/strong><\/a><\/div>\n<\/div>\n\n\n\n<p><\/p>\n","protected":false},"excerpt":{"rendered":"","protected":false},"author":1,"featured_media":0,"parent":0,"menu_order":0,"comment_status":"closed","ping_status":"closed","template":"","meta":{"site-container-style":"default","site-container-layout":"default","site-sidebar-layout":"default","site-transparent-header":"default","disable-article-header":"default","disable-site-header":"default","disable-site-footer":"default","disable-content-area-spacing":"default","footnotes":""},"class_list":["post-216","page","type-page","status-publish","hentry"],"yoast_head":"<!-- This site is optimized with the Yoast SEO plugin v26.6 - https:\/\/yoast.com\/wordpress\/plugins\/seo\/ -->\n<title>Inform\u00e1ci\u00f3k - Led Design M\u0171hely<\/title>\n<meta name=\"robots\" content=\"index, follow, max-snippet:-1, max-image-preview:large, max-video-preview:-1\" \/>\n<link rel=\"canonical\" href=\"https:\/\/leddesign.hu\/?page_id=216\" \/>\n<meta property=\"og:locale\" content=\"hu_HU\" \/>\n<meta property=\"og:type\" content=\"article\" \/>\n<meta property=\"og:title\" content=\"Inform\u00e1ci\u00f3k - Led Design M\u0171hely\" \/>\n<meta property=\"og:url\" content=\"https:\/\/leddesign.hu\/?page_id=216\" \/>\n<meta property=\"og:site_name\" content=\"Led Design M\u0171hely\" \/>\n<meta property=\"article:modified_time\" content=\"2026-01-02T21:48:37+00:00\" \/>\n<meta name=\"twitter:card\" content=\"summary_large_image\" \/>\n<script type=\"application\/ld+json\" class=\"yoast-schema-graph\">{\"@context\":\"https:\/\/schema.org\",\"@graph\":[{\"@type\":\"WebPage\",\"@id\":\"https:\/\/leddesign.hu\/?page_id=216\",\"url\":\"https:\/\/leddesign.hu\/?page_id=216\",\"name\":\"Inform\u00e1ci\u00f3k - Led Design M\u0171hely\",\"isPartOf\":{\"@id\":\"https:\/\/leddesign.hu\/#website\"},\"datePublished\":\"2025-03-13T21:33:12+00:00\",\"dateModified\":\"2026-01-02T21:48:37+00:00\",\"breadcrumb\":{\"@id\":\"https:\/\/leddesign.hu\/?page_id=216#breadcrumb\"},\"inLanguage\":\"hu\",\"potentialAction\":[{\"@type\":\"ReadAction\",\"target\":[\"https:\/\/leddesign.hu\/?page_id=216\"]}]},{\"@type\":\"BreadcrumbList\",\"@id\":\"https:\/\/leddesign.hu\/?page_id=216#breadcrumb\",\"itemListElement\":[{\"@type\":\"ListItem\",\"position\":1,\"name\":\"Kezd\u0151lap\",\"item\":\"https:\/\/leddesign.hu\/\"},{\"@type\":\"ListItem\",\"position\":2,\"name\":\"Inform\u00e1ci\u00f3k\"}]},{\"@type\":\"WebSite\",\"@id\":\"https:\/\/leddesign.hu\/#website\",\"url\":\"https:\/\/leddesign.hu\/\",\"name\":\"Led Design M\u0171hely\",\"description\":\"Villanyszerel\u00e9s \u00e9s LED vil\u00e1g\u00edt\u00e1s\",\"potentialAction\":[{\"@type\":\"SearchAction\",\"target\":{\"@type\":\"EntryPoint\",\"urlTemplate\":\"https:\/\/leddesign.hu\/?s={search_term_string}\"},\"query-input\":{\"@type\":\"PropertyValueSpecification\",\"valueRequired\":true,\"valueName\":\"search_term_string\"}}],\"inLanguage\":\"hu\"}]}<\/script>\n<!-- \/ Yoast SEO plugin. -->","yoast_head_json":{"title":"Inform\u00e1ci\u00f3k - Led Design M\u0171hely","robots":{"index":"index","follow":"follow","max-snippet":"max-snippet:-1","max-image-preview":"max-image-preview:large","max-video-preview":"max-video-preview:-1"},"canonical":"https:\/\/leddesign.hu\/?page_id=216","og_locale":"hu_HU","og_type":"article","og_title":"Inform\u00e1ci\u00f3k - Led Design M\u0171hely","og_url":"https:\/\/leddesign.hu\/?page_id=216","og_site_name":"Led Design M\u0171hely","article_modified_time":"2026-01-02T21:48:37+00:00","twitter_card":"summary_large_image","schema":{"@context":"https:\/\/schema.org","@graph":[{"@type":"WebPage","@id":"https:\/\/leddesign.hu\/?page_id=216","url":"https:\/\/leddesign.hu\/?page_id=216","name":"Inform\u00e1ci\u00f3k - Led Design M\u0171hely","isPartOf":{"@id":"https:\/\/leddesign.hu\/#website"},"datePublished":"2025-03-13T21:33:12+00:00","dateModified":"2026-01-02T21:48:37+00:00","breadcrumb":{"@id":"https:\/\/leddesign.hu\/?page_id=216#breadcrumb"},"inLanguage":"hu","potentialAction":[{"@type":"ReadAction","target":["https:\/\/leddesign.hu\/?page_id=216"]}]},{"@type":"BreadcrumbList","@id":"https:\/\/leddesign.hu\/?page_id=216#breadcrumb","itemListElement":[{"@type":"ListItem","position":1,"name":"Kezd\u0151lap","item":"https:\/\/leddesign.hu\/"},{"@type":"ListItem","position":2,"name":"Inform\u00e1ci\u00f3k"}]},{"@type":"WebSite","@id":"https:\/\/leddesign.hu\/#website","url":"https:\/\/leddesign.hu\/","name":"Led Design M\u0171hely","description":"Villanyszerel\u00e9s \u00e9s LED vil\u00e1g\u00edt\u00e1s","potentialAction":[{"@type":"SearchAction","target":{"@type":"EntryPoint","urlTemplate":"https:\/\/leddesign.hu\/?s={search_term_string}"},"query-input":{"@type":"PropertyValueSpecification","valueRequired":true,"valueName":"search_term_string"}}],"inLanguage":"hu"}]}},"_links":{"self":[{"href":"https:\/\/leddesign.hu\/index.php?rest_route=\/wp\/v2\/pages\/216","targetHints":{"allow":["GET"]}}],"collection":[{"href":"https:\/\/leddesign.hu\/index.php?rest_route=\/wp\/v2\/pages"}],"about":[{"href":"https:\/\/leddesign.hu\/index.php?rest_route=\/wp\/v2\/types\/page"}],"author":[{"embeddable":true,"href":"https:\/\/leddesign.hu\/index.php?rest_route=\/wp\/v2\/users\/1"}],"replies":[{"embeddable":true,"href":"https:\/\/leddesign.hu\/index.php?rest_route=%2Fwp%2Fv2%2Fcomments&post=216"}],"version-history":[{"count":4,"href":"https:\/\/leddesign.hu\/index.php?rest_route=\/wp\/v2\/pages\/216\/revisions"}],"predecessor-version":[{"id":246,"href":"https:\/\/leddesign.hu\/index.php?rest_route=\/wp\/v2\/pages\/216\/revisions\/246"}],"wp:attachment":[{"href":"https:\/\/leddesign.hu\/index.php?rest_route=%2Fwp%2Fv2%2Fmedia&parent=216"}],"curies":[{"name":"wp","href":"https:\/\/api.w.org\/{rel}","templated":true}]}}