{"id":247,"date":"2026-01-02T23:26:08","date_gmt":"2026-01-02T22:26:08","guid":{"rendered":"https:\/\/leddesign.hu\/?page_id=247"},"modified":"2026-01-02T23:26:08","modified_gmt":"2026-01-02T22:26:08","slug":"szolgaltatasok","status":"publish","type":"page","link":"https:\/\/leddesign.hu\/?page_id=247","title":{"rendered":"Szolg\u00e1ltat\u00e1sok"},"content":{"rendered":"\n<p><strong>Jelenleg az al\u00e1bbi szolg\u00e1ltat\u00e1sokkal \u00e1llok \u00fcgyfeleim rendelkez\u00e9s\u00e9re:<\/strong><\/p>\n\n\n\n<ul class=\"wp-block-list\">\n<li>Lakoss\u00e1gi elektromos szerel\u00e9s, mely alatt \u00e9rtend\u0151 \u00faj \u00e9p\u00fcletek villamos h\u00e1l\u00f3zat\u00e1nak ki\u00e9p\u00edt\u00e9se, megl\u00e9v\u0151 rendszer b\u0151v\u00edt\u00e9se, r\u00e9gi elektromos h\u00e1l\u00f3zat cser\u00e9je \u00e9s jav\u00edt\u00e1sa valamint korszer\u0171s\u00edt\u00e9se, hibaelh\u00e1r\u00edt\u00e1s, lak\u00e1seloszt\u00f3 cser\u00e9je vagy korszer\u0171s\u00edt\u00e9se<\/li>\n\n\n\n<li>Mell\u00e9k\u00e9p\u00fcletek elektromos h\u00e1l\u00f3zat\u00e1nak ki\u00e9p\u00edt\u00e9se, jav\u00edt\u00e1sa<\/li>\n\n\n\n<li>LED-szalag vil\u00e1g\u00edt\u00e1sok kivitelez\u00e9se, ig\u00e9ny szerinti m\u00e9retre gy\u00e1rt\u00e1sa csin\u00e1ld magad (DIY) megold\u00e1sokhoz illetve b\u00fatork\u00e9sz\u00edt\u0151k megrendel\u00e9s\u00e9re<\/li>\n\n\n\n<li>Elektromos forr\u00f3v\u00edz t\u00e1rol\u00f3k v\u00edzk\u0151mentes\u00edt\u00e9se, jav\u00edt\u00e1sa<\/li>\n\n\n\n<li>G\u00e1zkaz\u00e1nok elektromos megt\u00e1pl\u00e1l\u00e1s\u00e1nak \u00e9s EPH-h\u00e1l\u00f3zat\u00e1nak ki\u00e9p\u00edt\u00e9se, f\u0171t\u00e9s vez\u00e9rl\u00e9s kialak\u00edt\u00e1sa <\/li>\n\n\n\n<li>G\u00e9pek, berendez\u00e9sek villamos jav\u00edt\u00e1sa (kiv\u00e9ve h\u00e1ztart\u00e1si g\u00e9pek, elektromos k\u00e9ziszersz\u00e1mok, orvosi berendez\u00e9sek, ATEX k\u00e9sz\u00fcl\u00e9kek)<\/li>\n<\/ul>\n\n\n\n<p><\/p>\n","protected":false},"excerpt":{"rendered":"<p>Jelenleg az al\u00e1bbi szolg\u00e1ltat\u00e1sokkal \u00e1llok \u00fcgyfeleim rendelkez\u00e9s\u00e9re:<\/p>\n","protected":false},"author":1,"featured_media":0,"parent":0,"menu_order":0,"comment_status":"closed","ping_status":"closed","template":"","meta":{"site-container-style":"default","site-container-layout":"default","site-sidebar-layout":"default","site-transparent-header":"default","disable-article-header":"default","disable-site-header":"default","disable-site-footer":"default","disable-content-area-spacing":"default","footnotes":""},"class_list":["post-247","page","type-page","status-publish","hentry"],"yoast_head":"<!-- This site is optimized with the Yoast SEO plugin v26.6 - https:\/\/yoast.com\/wordpress\/plugins\/seo\/ -->\n<title>Szolg\u00e1ltat\u00e1sok - Led Design M\u0171hely<\/title>\n<meta name=\"robots\" content=\"index, follow, max-snippet:-1, max-image-preview:large, max-video-preview:-1\" \/>\n<link rel=\"canonical\" href=\"https:\/\/leddesign.hu\/?page_id=247\" \/>\n<meta property=\"og:locale\" content=\"hu_HU\" \/>\n<meta property=\"og:type\" content=\"article\" \/>\n<meta property=\"og:title\" content=\"Szolg\u00e1ltat\u00e1sok - Led Design M\u0171hely\" \/>\n<meta property=\"og:description\" content=\"Jelenleg az al\u00e1bbi szolg\u00e1ltat\u00e1sokkal \u00e1llok \u00fcgyfeleim rendelkez\u00e9s\u00e9re:\" \/>\n<meta property=\"og:url\" content=\"https:\/\/leddesign.hu\/?page_id=247\" \/>\n<meta property=\"og:site_name\" content=\"Led Design M\u0171hely\" \/>\n<meta name=\"twitter:card\" content=\"summary_large_image\" \/>\n<meta name=\"twitter:label1\" content=\"Becs\u00fclt olvas\u00e1si id\u0151\" \/>\n\t<meta name=\"twitter:data1\" content=\"1 perc\" \/>\n<script type=\"application\/ld+json\" class=\"yoast-schema-graph\">{\"@context\":\"https:\/\/schema.org\",\"@graph\":[{\"@type\":\"WebPage\",\"@id\":\"https:\/\/leddesign.hu\/?page_id=247\",\"url\":\"https:\/\/leddesign.hu\/?page_id=247\",\"name\":\"Szolg\u00e1ltat\u00e1sok - Led Design M\u0171hely\",\"isPartOf\":{\"@id\":\"https:\/\/leddesign.hu\/#website\"},\"datePublished\":\"2026-01-02T22:26:08+00:00\",\"breadcrumb\":{\"@id\":\"https:\/\/leddesign.hu\/?page_id=247#breadcrumb\"},\"inLanguage\":\"hu\",\"potentialAction\":[{\"@type\":\"ReadAction\",\"target\":[\"https:\/\/leddesign.hu\/?page_id=247\"]}]},{\"@type\":\"BreadcrumbList\",\"@id\":\"https:\/\/leddesign.hu\/?page_id=247#breadcrumb\",\"itemListElement\":[{\"@type\":\"ListItem\",\"position\":1,\"name\":\"Kezd\u0151lap\",\"item\":\"https:\/\/leddesign.hu\/\"},{\"@type\":\"ListItem\",\"position\":2,\"name\":\"Szolg\u00e1ltat\u00e1sok\"}]},{\"@type\":\"WebSite\",\"@id\":\"https:\/\/leddesign.hu\/#website\",\"url\":\"https:\/\/leddesign.hu\/\",\"name\":\"Led Design M\u0171hely\",\"description\":\"Villanyszerel\u00e9s \u00e9s LED vil\u00e1g\u00edt\u00e1s\",\"potentialAction\":[{\"@type\":\"SearchAction\",\"target\":{\"@type\":\"EntryPoint\",\"urlTemplate\":\"https:\/\/leddesign.hu\/?s={search_term_string}\"},\"query-input\":{\"@type\":\"PropertyValueSpecification\",\"valueRequired\":true,\"valueName\":\"search_term_string\"}}],\"inLanguage\":\"hu\"}]}<\/script>\n<!-- \/ Yoast SEO plugin. -->","yoast_head_json":{"title":"Szolg\u00e1ltat\u00e1sok - Led Design M\u0171hely","robots":{"index":"index","follow":"follow","max-snippet":"max-snippet:-1","max-image-preview":"max-image-preview:large","max-video-preview":"max-video-preview:-1"},"canonical":"https:\/\/leddesign.hu\/?page_id=247","og_locale":"hu_HU","og_type":"article","og_title":"Szolg\u00e1ltat\u00e1sok - Led Design M\u0171hely","og_description":"Jelenleg az al\u00e1bbi szolg\u00e1ltat\u00e1sokkal \u00e1llok \u00fcgyfeleim rendelkez\u00e9s\u00e9re:","og_url":"https:\/\/leddesign.hu\/?page_id=247","og_site_name":"Led Design M\u0171hely","twitter_card":"summary_large_image","twitter_misc":{"Becs\u00fclt olvas\u00e1si id\u0151":"1 perc"},"schema":{"@context":"https:\/\/schema.org","@graph":[{"@type":"WebPage","@id":"https:\/\/leddesign.hu\/?page_id=247","url":"https:\/\/leddesign.hu\/?page_id=247","name":"Szolg\u00e1ltat\u00e1sok - Led Design M\u0171hely","isPartOf":{"@id":"https:\/\/leddesign.hu\/#website"},"datePublished":"2026-01-02T22:26:08+00:00","breadcrumb":{"@id":"https:\/\/leddesign.hu\/?page_id=247#breadcrumb"},"inLanguage":"hu","potentialAction":[{"@type":"ReadAction","target":["https:\/\/leddesign.hu\/?page_id=247"]}]},{"@type":"BreadcrumbList","@id":"https:\/\/leddesign.hu\/?page_id=247#breadcrumb","itemListElement":[{"@type":"ListItem","position":1,"name":"Kezd\u0151lap","item":"https:\/\/leddesign.hu\/"},{"@type":"ListItem","position":2,"name":"Szolg\u00e1ltat\u00e1sok"}]},{"@type":"WebSite","@id":"https:\/\/leddesign.hu\/#website","url":"https:\/\/leddesign.hu\/","name":"Led Design M\u0171hely","description":"Villanyszerel\u00e9s \u00e9s LED vil\u00e1g\u00edt\u00e1s","potentialAction":[{"@type":"SearchAction","target":{"@type":"EntryPoint","urlTemplate":"https:\/\/leddesign.hu\/?s={search_term_string}"},"query-input":{"@type":"PropertyValueSpecification","valueRequired":true,"valueName":"search_term_string"}}],"inLanguage":"hu"}]}},"_links":{"self":[{"href":"https:\/\/leddesign.hu\/index.php?rest_route=\/wp\/v2\/pages\/247","targetHints":{"allow":["GET"]}}],"collection":[{"href":"https:\/\/leddesign.hu\/index.php?rest_route=\/wp\/v2\/pages"}],"about":[{"href":"https:\/\/leddesign.hu\/index.php?rest_route=\/wp\/v2\/types\/page"}],"author":[{"embeddable":true,"href":"https:\/\/leddesign.hu\/index.php?rest_route=\/wp\/v2\/users\/1"}],"replies":[{"embeddable":true,"href":"https:\/\/leddesign.hu\/index.php?rest_route=%2Fwp%2Fv2%2Fcomments&post=247"}],"version-history":[{"count":3,"href":"https:\/\/leddesign.hu\/index.php?rest_route=\/wp\/v2\/pages\/247\/revisions"}],"predecessor-version":[{"id":250,"href":"https:\/\/leddesign.hu\/index.php?rest_route=\/wp\/v2\/pages\/247\/revisions\/250"}],"wp:attachment":[{"href":"https:\/\/leddesign.hu\/index.php?rest_route=%2Fwp%2Fv2%2Fmedia&parent=247"}],"curies":[{"name":"wp","href":"https:\/\/api.w.org\/{rel}","templated":true}]}}