{"id":3,"date":"2025-02-14T22:36:05","date_gmt":"2025-02-14T21:36:05","guid":{"rendered":"http:\/\/leddesign.hu\/?page_id=3"},"modified":"2026-01-03T00:44:52","modified_gmt":"2026-01-02T23:44:52","slug":"adatkezelesi-tajekoztato","status":"publish","type":"page","link":"https:\/\/leddesign.hu\/?page_id=3","title":{"rendered":"Adatkezel\u00e9si t\u00e1j\u00e9koztat\u00f3"},"content":{"rendered":"\n<h1 class=\"wp-block-heading\"><strong>Adatv\u00e9delmi ir\u00e1nyelvek<\/strong><\/h1>\n\n\n\n<p><strong>Hat\u00e1lyos: 2026.01.03-t\u00f3l<\/strong><\/p>\n\n\n\n<p>K\u00f6sz\u00f6nj\u00fck, hogy ell\u00e1togatt\u00e1l weboldalunkra! Az al\u00e1bbiakban t\u00e1j\u00e9koztatunk arr\u00f3l, hogyan gy\u0171jtj\u00fck, haszn\u00e1ljuk \u00e9s v\u00e9dj\u00fck a szem\u00e9lyes adataidat.<\/p>\n\n\n\n<hr class=\"wp-block-separator has-alpha-channel-opacity\"\/>\n\n\n\n<h2 class=\"wp-block-heading\">1. <strong>Az adatkezel\u0151 adatai<\/strong><\/h2>\n\n\n\n<ul class=\"wp-block-list\">\n<li><strong>Weboldal neve:<\/strong> LED Design M\u0171hely<\/li>\n\n\n\n<li><strong>\u00dczemeltet\u0151 \/ adatkezel\u0151:<\/strong> Lengyel Csaba e.v.<\/li>\n\n\n\n<li><strong>Sz\u00e9khely:<\/strong> 2911 Mocsa, D\u00f3zsa Gy\u00f6rgy u. 27.<\/li>\n\n\n\n<li><strong>Kapcsolat:<\/strong> csaba.lengyel@leddesign.hu<\/li>\n<\/ul>\n\n\n\n<hr class=\"wp-block-separator has-alpha-channel-opacity\"\/>\n\n\n\n<h2 class=\"wp-block-heading\">2. <strong>Mi\u00e9rt gy\u0171jt\u00fcnk adatokat?<\/strong><\/h2>\n\n\n\n<p>Az adatokat az al\u00e1bbi c\u00e9lokra haszn\u00e1ljuk:<\/p>\n\n\n\n<p>\u2714\ufe0f A weboldal m\u0171k\u00f6d\u00e9s\u00e9nek biztos\u00edt\u00e1s\u00e1hoz<br>\u2714\ufe0f Kommentek kezel\u00e9s\u00e9hez<br>\u2714\ufe0f Felhaszn\u00e1l\u00f3i \u00e9lm\u00e9ny jav\u00edt\u00e1s\u00e1hoz<br>\u2714\ufe0f Jogszab\u00e1lyi k\u00f6telezetts\u00e9gek teljes\u00edt\u00e9s\u00e9hez<\/p>\n\n\n\n<hr class=\"wp-block-separator has-alpha-channel-opacity\"\/>\n\n\n\n<h2 class=\"wp-block-heading\">3. <strong>Milyen adatokat gy\u0171jt\u00fcnk?<\/strong><\/h2>\n\n\n\n<h3 class=\"wp-block-heading\">\ud83d\udcdd <strong>Kommentel\u00e9skor:<\/strong><\/h3>\n\n\n\n<p>Amikor hozz\u00e1sz\u00f3l\u00e1st \u00edr:<\/p>\n\n\n\n<ul class=\"wp-block-list\">\n<li>N\u00e9v (vagy becen\u00e9v)<\/li>\n\n\n\n<li>E-mail c\u00edm<\/li>\n\n\n\n<li>IP-c\u00edm (biztons\u00e1gi okokb\u00f3l, spam elleni v\u00e9delem)<\/li>\n\n\n\n<li>A komment tartalma<\/li>\n\n\n\n<li>D\u00e1tum \u00e9s id\u0151pont<\/li>\n<\/ul>\n\n\n\n<h3 class=\"wp-block-heading\">\ud83d\udcf1 <strong>Technikai \u00e9s analitikai adatok:<\/strong><\/h3>\n\n\n\n<p>Automatikusan gy\u0171jt\u00f6tt adatok:<\/p>\n\n\n\n<ul class=\"wp-block-list\">\n<li>B\u00f6ng\u00e9sz\u0151 t\u00edpusa<\/li>\n\n\n\n<li>Lapokra l\u00e1togat\u00e1s ideje<\/li>\n\n\n\n<li>Eszk\u00f6zinform\u00e1ci\u00f3k<\/li>\n\n\n\n<li>Cookie-k<\/li>\n<\/ul>\n\n\n\n<hr class=\"wp-block-separator has-alpha-channel-opacity\"\/>\n\n\n\n<h2 class=\"wp-block-heading\">4. <strong>Hogyan haszn\u00e1ljuk az adatokat?<\/strong><\/h2>\n\n\n\n<p>Az adatokat a k\u00f6vetkez\u0151 c\u00e9lokra haszn\u00e1ljuk:<\/p>\n\n\n\n<p>\u2705 Kommentek megjelen\u00edt\u00e9se \u00e9s moder\u00e1l\u00e1sa<br>\u2705 Spam elleni v\u00e9delem<br>\u2705 Weboldal m\u0171k\u00f6d\u00e9s\u00e9nek elemz\u00e9se<br>\u2705 Statisztikai elemz\u00e9sek k\u00e9sz\u00edt\u00e9se<\/p>\n\n\n\n<hr class=\"wp-block-separator has-alpha-channel-opacity\"\/>\n\n\n\n<h2 class=\"wp-block-heading\">5. <strong>Cookie-k \u00e9s hasonl\u00f3 technol\u00f3gi\u00e1k<\/strong><\/h2>\n\n\n\n<p>A weboldal s\u00fctiket (cookie-kat) haszn\u00e1l a m\u0171k\u00f6d\u00e9s \u00e9s a felhaszn\u00e1l\u00f3i \u00e9lm\u00e9ny jav\u00edt\u00e1sa \u00e9rdek\u00e9ben.<\/p>\n\n\n\n<ul class=\"wp-block-list\">\n<li>A cookie-k elfogad\u00e1s\u00e1t a b\u00f6ng\u00e9sz\u0151dben is szab\u00e1lyozhatod.<\/li>\n\n\n\n<li>A cookie-\u00e9rtes\u00edt\u00e9s megjelenik az els\u0151 l\u00e1togat\u00e1skor.<\/li>\n<\/ul>\n\n\n\n<hr class=\"wp-block-separator has-alpha-channel-opacity\"\/>\n\n\n\n<h2 class=\"wp-block-heading\">6. <strong>Adatmegoszt\u00e1s harmadik felekkel<\/strong><\/h2>\n\n\n\n<p>Adatokat kiz\u00e1r\u00f3lag az al\u00e1bbi esetekben osztunk meg:<\/p>\n\n\n\n<p>\ud83d\udd39 Jogi k\u00f6telezetts\u00e9g eset\u00e9n<br>\ud83d\udd39 Szolg\u00e1ltat\u00f3k sz\u00e1m\u00e1ra (pl. t\u00e1rhelyszolg\u00e1ltat\u00f3) \u2013 csak a m\u0171k\u00f6d\u00e9shez sz\u00fcks\u00e9ges m\u00e9rt\u00e9kben<br>\ud83d\udd39 Ha ehhez a felhaszn\u00e1l\u00f3 el\u0151zetesen hozz\u00e1j\u00e1rult<\/p>\n\n\n\n<hr class=\"wp-block-separator has-alpha-channel-opacity\"\/>\n\n\n\n<h2 class=\"wp-block-heading\">7. <strong>Mennyi ideig t\u00e1roljuk az adatokat?<\/strong><\/h2>\n\n\n\n<ul class=\"wp-block-list\">\n<li>Kommentek: a weboldalon folyamatosan megjelennek (t\u00f6rl\u00e9s a felhaszn\u00e1l\u00f3 k\u00e9r\u00e9s\u00e9re lehets\u00e9ges)<\/li>\n\n\n\n<li>Technikai \/ analitikai adatok: jellemz\u0151en maximum <strong>X h\u00f3nap \/ \u00e9v<\/strong> (konkr\u00e9t id\u0151tartam be\u00edrhat\u00f3)<\/li>\n<\/ul>\n\n\n\n<hr class=\"wp-block-separator has-alpha-channel-opacity\"\/>\n\n\n\n<h2 class=\"wp-block-heading\">8. <strong>Adatbiztons\u00e1g<\/strong><\/h2>\n\n\n\n<p>Megfelel\u0151 technikai \u00e9s szervez\u00e9si int\u00e9zked\u00e9seket alkalmazunk az adataid v\u00e9delm\u00e9re:<\/p>\n\n\n\n<p>\ud83d\udd10 SSL<br>\ud83d\udd10 Hozz\u00e1f\u00e9r\u00e9s-szab\u00e1lyoz\u00e1s<br>\ud83d\udd10 Rendszeres biztons\u00e1gi friss\u00edt\u00e9sek<\/p>\n\n\n\n<hr class=\"wp-block-separator has-alpha-channel-opacity\"\/>\n\n\n\n<h2 class=\"wp-block-heading\">9. <strong>A felhaszn\u00e1l\u00f3i jogok<\/strong><\/h2>\n\n\n\n<p>A felhaszn\u00e1l\u00f3nak joga van:<\/p>\n\n\n\n<ul class=\"wp-block-list\">\n<li>T\u00e1j\u00e9koztat\u00e1st k\u00e9rni az adatair\u00f3l<\/li>\n\n\n\n<li>Helyesb\u00edteni az adatokat<\/li>\n\n\n\n<li>Adatokat t\u00f6r\u00f6ltetni<\/li>\n\n\n\n<li>Hozz\u00e1j\u00e1rul\u00e1s\u00e1t visszavonni<\/li>\n\n\n\n<li>Tiltakozni az adatkezel\u00e9s ellen<\/li>\n<\/ul>\n\n\n\n<p>K\u00e9r\u00e9seket az al\u00e1bbi el\u00e9rhet\u0151s\u00e9gen lehet beny\u00fajtani:<br>\ud83d\udce9 <strong>Email:<\/strong> csaba.lengyel@leddesign.hu<\/p>\n\n\n\n<hr class=\"wp-block-separator has-alpha-channel-opacity\"\/>\n\n\n\n<h2 class=\"wp-block-heading\">10. <strong>Gyermekek adatainak v\u00e9delme<\/strong><\/h2>\n\n\n\n<p>A weboldal nem sz\u00e1nd\u00e9kozik 16 \u00e9ven aluliak szem\u00e9lyes adatait gy\u0171jteni hozz\u00e1j\u00e1rul\u00e1s n\u00e9lk\u00fcl.<\/p>\n\n\n\n<hr class=\"wp-block-separator has-alpha-channel-opacity\"\/>\n\n\n\n<h2 class=\"wp-block-heading\">11. <strong>Kapcsolat<\/strong><\/h2>\n\n\n\n<p>K\u00e9rd\u00e9sed vagy adatv\u00e9delmi k\u00e9r\u00e9seid eset\u00e9n keress minket:<\/p>\n\n\n\n<p>\ud83d\udce7 <strong>Email:<\/strong> csaba.lengyel@leddesign.hu<br>\ud83d\udccd <strong>C\u00edm:<\/strong> 2911 Mocsa, D\u00f3zsa Gy\u00f6rgy u. 27.<\/p>\n\n\n\n<p><\/p>\n","protected":false},"excerpt":{"rendered":"<p>Adatv\u00e9delmi ir\u00e1nyelvek Hat\u00e1lyos: 2026.01.03-t\u00f3l K\u00f6sz\u00f6nj\u00fck, hogy ell\u00e1togatt\u00e1l weboldalunkra! Az al\u00e1bbiakban t\u00e1j\u00e9koztatunk arr\u00f3l, hogyan gy\u0171jtj\u00fck, haszn\u00e1ljuk \u00e9s v\u00e9dj\u00fck a szem\u00e9lyes adataidat. 1. Az adatkezel\u0151 adatai 2. Mi\u00e9rt gy\u0171jt\u00fcnk adatokat? Az adatokat az al\u00e1bbi c\u00e9lokra haszn\u00e1ljuk: \u2714\ufe0f A weboldal m\u0171k\u00f6d\u00e9s\u00e9nek biztos\u00edt\u00e1s\u00e1hoz\u2714\ufe0f Kommentek kezel\u00e9s\u00e9hez\u2714\ufe0f Felhaszn\u00e1l\u00f3i \u00e9lm\u00e9ny jav\u00edt\u00e1s\u00e1hoz\u2714\ufe0f Jogszab\u00e1lyi k\u00f6telezetts\u00e9gek teljes\u00edt\u00e9s\u00e9hez 3. Milyen adatokat gy\u0171jt\u00fcnk? \ud83d\udcdd Kommentel\u00e9skor: Amikor hozz\u00e1sz\u00f3l\u00e1st [&hellip;]<\/p>\n","protected":false},"author":1,"featured_media":0,"parent":0,"menu_order":0,"comment_status":"closed","ping_status":"open","template":"","meta":{"site-container-style":"default","site-container-layout":"default","site-sidebar-layout":"default","site-transparent-header":"default","disable-article-header":"default","disable-site-header":"default","disable-site-footer":"default","disable-content-area-spacing":"default","footnotes":""},"class_list":["post-3","page","type-page","status-publish","hentry"],"yoast_head":"<!-- This site is optimized with the Yoast SEO plugin v26.6 - https:\/\/yoast.com\/wordpress\/plugins\/seo\/ -->\n<title>Adatkezel\u00e9si t\u00e1j\u00e9koztat\u00f3 - Led Design M\u0171hely<\/title>\n<meta name=\"robots\" content=\"index, follow, max-snippet:-1, max-image-preview:large, max-video-preview:-1\" \/>\n<link rel=\"canonical\" href=\"https:\/\/leddesign.hu\/?page_id=3\" \/>\n<meta property=\"og:locale\" content=\"hu_HU\" \/>\n<meta property=\"og:type\" content=\"article\" \/>\n<meta property=\"og:title\" content=\"Adatkezel\u00e9si t\u00e1j\u00e9koztat\u00f3 - Led Design M\u0171hely\" \/>\n<meta property=\"og:description\" content=\"Adatv\u00e9delmi ir\u00e1nyelvek Hat\u00e1lyos: 2026.01.03-t\u00f3l K\u00f6sz\u00f6nj\u00fck, hogy ell\u00e1togatt\u00e1l weboldalunkra! Az al\u00e1bbiakban t\u00e1j\u00e9koztatunk arr\u00f3l, hogyan gy\u0171jtj\u00fck, haszn\u00e1ljuk \u00e9s v\u00e9dj\u00fck a szem\u00e9lyes adataidat. 1. Az adatkezel\u0151 adatai 2. Mi\u00e9rt gy\u0171jt\u00fcnk adatokat? Az adatokat az al\u00e1bbi c\u00e9lokra haszn\u00e1ljuk: \u2714\ufe0f A weboldal m\u0171k\u00f6d\u00e9s\u00e9nek biztos\u00edt\u00e1s\u00e1hoz\u2714\ufe0f Kommentek kezel\u00e9s\u00e9hez\u2714\ufe0f Felhaszn\u00e1l\u00f3i \u00e9lm\u00e9ny jav\u00edt\u00e1s\u00e1hoz\u2714\ufe0f Jogszab\u00e1lyi k\u00f6telezetts\u00e9gek teljes\u00edt\u00e9s\u00e9hez 3. Milyen adatokat gy\u0171jt\u00fcnk? \ud83d\udcdd Kommentel\u00e9skor: Amikor hozz\u00e1sz\u00f3l\u00e1st [&hellip;]\" \/>\n<meta property=\"og:url\" content=\"https:\/\/leddesign.hu\/?page_id=3\" \/>\n<meta property=\"og:site_name\" content=\"Led Design M\u0171hely\" \/>\n<meta property=\"article:modified_time\" content=\"2026-01-02T23:44:52+00:00\" \/>\n<meta name=\"twitter:card\" content=\"summary_large_image\" \/>\n<meta name=\"twitter:label1\" content=\"Becs\u00fclt olvas\u00e1si id\u0151\" \/>\n\t<meta name=\"twitter:data1\" content=\"3 perc\" \/>\n<script type=\"application\/ld+json\" class=\"yoast-schema-graph\">{\"@context\":\"https:\/\/schema.org\",\"@graph\":[{\"@type\":\"WebPage\",\"@id\":\"https:\/\/leddesign.hu\/?page_id=3\",\"url\":\"https:\/\/leddesign.hu\/?page_id=3\",\"name\":\"Adatkezel\u00e9si t\u00e1j\u00e9koztat\u00f3 - Led Design M\u0171hely\",\"isPartOf\":{\"@id\":\"https:\/\/leddesign.hu\/#website\"},\"datePublished\":\"2025-02-14T21:36:05+00:00\",\"dateModified\":\"2026-01-02T23:44:52+00:00\",\"breadcrumb\":{\"@id\":\"https:\/\/leddesign.hu\/?page_id=3#breadcrumb\"},\"inLanguage\":\"hu\",\"potentialAction\":[{\"@type\":\"ReadAction\",\"target\":[\"https:\/\/leddesign.hu\/?page_id=3\"]}]},{\"@type\":\"BreadcrumbList\",\"@id\":\"https:\/\/leddesign.hu\/?page_id=3#breadcrumb\",\"itemListElement\":[{\"@type\":\"ListItem\",\"position\":1,\"name\":\"Kezd\u0151lap\",\"item\":\"https:\/\/leddesign.hu\/\"},{\"@type\":\"ListItem\",\"position\":2,\"name\":\"Adatkezel\u00e9si t\u00e1j\u00e9koztat\u00f3\"}]},{\"@type\":\"WebSite\",\"@id\":\"https:\/\/leddesign.hu\/#website\",\"url\":\"https:\/\/leddesign.hu\/\",\"name\":\"Led Design M\u0171hely\",\"description\":\"Villanyszerel\u00e9s \u00e9s LED vil\u00e1g\u00edt\u00e1s\",\"potentialAction\":[{\"@type\":\"SearchAction\",\"target\":{\"@type\":\"EntryPoint\",\"urlTemplate\":\"https:\/\/leddesign.hu\/?s={search_term_string}\"},\"query-input\":{\"@type\":\"PropertyValueSpecification\",\"valueRequired\":true,\"valueName\":\"search_term_string\"}}],\"inLanguage\":\"hu\"}]}<\/script>\n<!-- \/ Yoast SEO plugin. -->","yoast_head_json":{"title":"Adatkezel\u00e9si t\u00e1j\u00e9koztat\u00f3 - Led Design M\u0171hely","robots":{"index":"index","follow":"follow","max-snippet":"max-snippet:-1","max-image-preview":"max-image-preview:large","max-video-preview":"max-video-preview:-1"},"canonical":"https:\/\/leddesign.hu\/?page_id=3","og_locale":"hu_HU","og_type":"article","og_title":"Adatkezel\u00e9si t\u00e1j\u00e9koztat\u00f3 - Led Design M\u0171hely","og_description":"Adatv\u00e9delmi ir\u00e1nyelvek Hat\u00e1lyos: 2026.01.03-t\u00f3l K\u00f6sz\u00f6nj\u00fck, hogy ell\u00e1togatt\u00e1l weboldalunkra! Az al\u00e1bbiakban t\u00e1j\u00e9koztatunk arr\u00f3l, hogyan gy\u0171jtj\u00fck, haszn\u00e1ljuk \u00e9s v\u00e9dj\u00fck a szem\u00e9lyes adataidat. 1. Az adatkezel\u0151 adatai 2. Mi\u00e9rt gy\u0171jt\u00fcnk adatokat? Az adatokat az al\u00e1bbi c\u00e9lokra haszn\u00e1ljuk: \u2714\ufe0f A weboldal m\u0171k\u00f6d\u00e9s\u00e9nek biztos\u00edt\u00e1s\u00e1hoz\u2714\ufe0f Kommentek kezel\u00e9s\u00e9hez\u2714\ufe0f Felhaszn\u00e1l\u00f3i \u00e9lm\u00e9ny jav\u00edt\u00e1s\u00e1hoz\u2714\ufe0f Jogszab\u00e1lyi k\u00f6telezetts\u00e9gek teljes\u00edt\u00e9s\u00e9hez 3. Milyen adatokat gy\u0171jt\u00fcnk? \ud83d\udcdd Kommentel\u00e9skor: Amikor hozz\u00e1sz\u00f3l\u00e1st [&hellip;]","og_url":"https:\/\/leddesign.hu\/?page_id=3","og_site_name":"Led Design M\u0171hely","article_modified_time":"2026-01-02T23:44:52+00:00","twitter_card":"summary_large_image","twitter_misc":{"Becs\u00fclt olvas\u00e1si id\u0151":"3 perc"},"schema":{"@context":"https:\/\/schema.org","@graph":[{"@type":"WebPage","@id":"https:\/\/leddesign.hu\/?page_id=3","url":"https:\/\/leddesign.hu\/?page_id=3","name":"Adatkezel\u00e9si t\u00e1j\u00e9koztat\u00f3 - Led Design M\u0171hely","isPartOf":{"@id":"https:\/\/leddesign.hu\/#website"},"datePublished":"2025-02-14T21:36:05+00:00","dateModified":"2026-01-02T23:44:52+00:00","breadcrumb":{"@id":"https:\/\/leddesign.hu\/?page_id=3#breadcrumb"},"inLanguage":"hu","potentialAction":[{"@type":"ReadAction","target":["https:\/\/leddesign.hu\/?page_id=3"]}]},{"@type":"BreadcrumbList","@id":"https:\/\/leddesign.hu\/?page_id=3#breadcrumb","itemListElement":[{"@type":"ListItem","position":1,"name":"Kezd\u0151lap","item":"https:\/\/leddesign.hu\/"},{"@type":"ListItem","position":2,"name":"Adatkezel\u00e9si t\u00e1j\u00e9koztat\u00f3"}]},{"@type":"WebSite","@id":"https:\/\/leddesign.hu\/#website","url":"https:\/\/leddesign.hu\/","name":"Led Design M\u0171hely","description":"Villanyszerel\u00e9s \u00e9s LED vil\u00e1g\u00edt\u00e1s","potentialAction":[{"@type":"SearchAction","target":{"@type":"EntryPoint","urlTemplate":"https:\/\/leddesign.hu\/?s={search_term_string}"},"query-input":{"@type":"PropertyValueSpecification","valueRequired":true,"valueName":"search_term_string"}}],"inLanguage":"hu"}]}},"_links":{"self":[{"href":"https:\/\/leddesign.hu\/index.php?rest_route=\/wp\/v2\/pages\/3","targetHints":{"allow":["GET"]}}],"collection":[{"href":"https:\/\/leddesign.hu\/index.php?rest_route=\/wp\/v2\/pages"}],"about":[{"href":"https:\/\/leddesign.hu\/index.php?rest_route=\/wp\/v2\/types\/page"}],"author":[{"embeddable":true,"href":"https:\/\/leddesign.hu\/index.php?rest_route=\/wp\/v2\/users\/1"}],"replies":[{"embeddable":true,"href":"https:\/\/leddesign.hu\/index.php?rest_route=%2Fwp%2Fv2%2Fcomments&post=3"}],"version-history":[{"count":1,"href":"https:\/\/leddesign.hu\/index.php?rest_route=\/wp\/v2\/pages\/3\/revisions"}],"predecessor-version":[{"id":263,"href":"https:\/\/leddesign.hu\/index.php?rest_route=\/wp\/v2\/pages\/3\/revisions\/263"}],"wp:attachment":[{"href":"https:\/\/leddesign.hu\/index.php?rest_route=%2Fwp%2Fv2%2Fmedia&parent=3"}],"curies":[{"name":"wp","href":"https:\/\/api.w.org\/{rel}","templated":true}]}}