{"id":32,"date":"2025-02-24T17:01:15","date_gmt":"2025-02-24T16:01:15","guid":{"rendered":"https:\/\/leddesign.hu\/?page_id=32"},"modified":"2026-01-03T00:23:27","modified_gmt":"2026-01-02T23:23:27","slug":"munkaink","status":"publish","type":"page","link":"https:\/\/leddesign.hu\/?page_id=32","title":{"rendered":"Munk\u00e1ink"},"content":{"rendered":"\n<div class=\"wp-block-columns is-layout-flex wp-container-core-columns-is-layout-28f84493 wp-block-columns-is-layout-flex\">\n<div class=\"wp-block-column is-layout-flow wp-block-column-is-layout-flow\" style=\"flex-basis:100%\">\n<figure class=\"wp-block-image size-full is-resized\"><img loading=\"lazy\" decoding=\"async\" width=\"2560\" height=\"1920\" src=\"https:\/\/leddesign.hu\/wp-content\/uploads\/2025\/02\/Polish_20241123_190137465-scaled.jpg\" alt=\"\" class=\"wp-image-15\" style=\"width:1278px;height:auto\" srcset=\"https:\/\/leddesign.hu\/wp-content\/uploads\/2025\/02\/Polish_20241123_190137465-scaled.jpg 2560w, https:\/\/leddesign.hu\/wp-content\/uploads\/2025\/02\/Polish_20241123_190137465-300x225.jpg 300w, https:\/\/leddesign.hu\/wp-content\/uploads\/2025\/02\/Polish_20241123_190137465-1024x768.jpg 1024w, https:\/\/leddesign.hu\/wp-content\/uploads\/2025\/02\/Polish_20241123_190137465-768x576.jpg 768w, https:\/\/leddesign.hu\/wp-content\/uploads\/2025\/02\/Polish_20241123_190137465-1536x1152.jpg 1536w, https:\/\/leddesign.hu\/wp-content\/uploads\/2025\/02\/Polish_20241123_190137465-2048x1536.jpg 2048w\" sizes=\"auto, (max-width: 2560px) 100vw, 2560px\" \/><figcaption class=\"wp-element-caption\"><strong><mark style=\"background-color:rgba(0, 0, 0, 0);color:#000000\" class=\"has-inline-color\">Kapaszkod\u00f3 be\u00e9p\u00edtett vil\u00e1g\u00edt\u00e1ssal. K\u00fclt\u00e9rre \u00e9s belt\u00e9rre egyar\u00e1nt j\u00f3 v\u00e1laszt\u00e1s k\u00f6zleked\u0151 vil\u00e1g\u00edt\u00e1sk\u00e9nt, mozg\u00e1s\u00e9rz\u00e9kel\u0151vel vagy egy\u00e9b vez\u00e9rl\u0151vel, fali kapcsol\u00f3val kombin\u00e1lva.<\/mark><\/strong><\/figcaption><\/figure>\n<\/div>\n<\/div>\n\n\n\n<figure class=\"wp-block-image aligncenter size-full is-resized\"><img loading=\"lazy\" decoding=\"async\" width=\"2560\" height=\"1078\" src=\"https:\/\/leddesign.hu\/wp-content\/uploads\/2025\/02\/Polish_20241123_190045869-scaled.jpg\" alt=\"\" class=\"wp-image-34\" style=\"width:701px;height:auto\" srcset=\"https:\/\/leddesign.hu\/wp-content\/uploads\/2025\/02\/Polish_20241123_190045869-scaled.jpg 2560w, https:\/\/leddesign.hu\/wp-content\/uploads\/2025\/02\/Polish_20241123_190045869-300x126.jpg 300w, https:\/\/leddesign.hu\/wp-content\/uploads\/2025\/02\/Polish_20241123_190045869-1024x431.jpg 1024w, https:\/\/leddesign.hu\/wp-content\/uploads\/2025\/02\/Polish_20241123_190045869-768x324.jpg 768w, https:\/\/leddesign.hu\/wp-content\/uploads\/2025\/02\/Polish_20241123_190045869-1536x647.jpg 1536w, https:\/\/leddesign.hu\/wp-content\/uploads\/2025\/02\/Polish_20241123_190045869-2048x863.jpg 2048w\" sizes=\"auto, (max-width: 2560px) 100vw, 2560px\" \/><figcaption class=\"wp-element-caption\"><strong><mark style=\"background-color:rgba(0, 0, 0, 0);color:#000000\" class=\"has-inline-color\">Konyhapult vil\u00e1g\u00edt\u00e1s, LED szalag profilba \u00e9p\u00edtett mozg\u00e1s\u00e9rz\u00e9kel\u0151vel<\/mark><\/strong><\/figcaption><\/figure>\n\n\n\n<figure class=\"wp-block-image aligncenter size-full\"><img loading=\"lazy\" decoding=\"async\" width=\"2560\" height=\"2560\" src=\"https:\/\/leddesign.hu\/wp-content\/uploads\/2025\/02\/Polish_20250224_162249243-scaled.jpg\" alt=\"\" class=\"wp-image-39\" srcset=\"https:\/\/leddesign.hu\/wp-content\/uploads\/2025\/02\/Polish_20250224_162249243-scaled.jpg 2560w, https:\/\/leddesign.hu\/wp-content\/uploads\/2025\/02\/Polish_20250224_162249243-300x300.jpg 300w, https:\/\/leddesign.hu\/wp-content\/uploads\/2025\/02\/Polish_20250224_162249243-1024x1024.jpg 1024w, https:\/\/leddesign.hu\/wp-content\/uploads\/2025\/02\/Polish_20250224_162249243-150x150.jpg 150w, https:\/\/leddesign.hu\/wp-content\/uploads\/2025\/02\/Polish_20250224_162249243-768x768.jpg 768w, https:\/\/leddesign.hu\/wp-content\/uploads\/2025\/02\/Polish_20250224_162249243-1536x1536.jpg 1536w, https:\/\/leddesign.hu\/wp-content\/uploads\/2025\/02\/Polish_20250224_162249243-2048x2048.jpg 2048w\" sizes=\"auto, (max-width: 2560px) 100vw, 2560px\" \/><figcaption class=\"wp-element-caption\"><strong><mark style=\"background-color:rgba(0, 0, 0, 0);color:#040404\" class=\"has-inline-color\">Konyhapult vil\u00e1g\u00edt\u00e1s b\u00fatorba \u00e9p\u00edtett vil\u00e1g\u00edt\u00f3s \u00e9rint\u0151kapcsol\u00f3val<\/mark><\/strong><\/figcaption><\/figure>\n\n\n\n<figure class=\"wp-block-image aligncenter size-full\"><img loading=\"lazy\" decoding=\"async\" width=\"2560\" height=\"2560\" src=\"https:\/\/leddesign.hu\/wp-content\/uploads\/2025\/02\/Polish_20250224_163230585-scaled.jpg\" alt=\"\" class=\"wp-image-40\" srcset=\"https:\/\/leddesign.hu\/wp-content\/uploads\/2025\/02\/Polish_20250224_163230585-scaled.jpg 2560w, https:\/\/leddesign.hu\/wp-content\/uploads\/2025\/02\/Polish_20250224_163230585-300x300.jpg 300w, https:\/\/leddesign.hu\/wp-content\/uploads\/2025\/02\/Polish_20250224_163230585-1024x1024.jpg 1024w, https:\/\/leddesign.hu\/wp-content\/uploads\/2025\/02\/Polish_20250224_163230585-150x150.jpg 150w, https:\/\/leddesign.hu\/wp-content\/uploads\/2025\/02\/Polish_20250224_163230585-768x768.jpg 768w, https:\/\/leddesign.hu\/wp-content\/uploads\/2025\/02\/Polish_20250224_163230585-1536x1536.jpg 1536w, https:\/\/leddesign.hu\/wp-content\/uploads\/2025\/02\/Polish_20250224_163230585-2048x2048.jpg 2048w\" sizes=\"auto, (max-width: 2560px) 100vw, 2560px\" \/><figcaption class=\"wp-element-caption\"><strong><mark style=\"background-color:rgba(0, 0, 0, 0);color:#010101\" class=\"has-inline-color\">RGB polc \u00e9s \u00fcveglap \u00e9lvil\u00e1g\u00edt\u00f3k dekor\u00e1ci\u00f3s c\u00e9lra<\/mark><\/strong><\/figcaption><\/figure>\n\n\n\n<figure class=\"wp-block-image aligncenter size-full\"><img loading=\"lazy\" decoding=\"async\" width=\"2560\" height=\"1920\" src=\"https:\/\/leddesign.hu\/wp-content\/uploads\/2025\/02\/IMG_20241124_190559_912-scaled.jpg\" alt=\"\" class=\"wp-image-41\" srcset=\"https:\/\/leddesign.hu\/wp-content\/uploads\/2025\/02\/IMG_20241124_190559_912-scaled.jpg 2560w, https:\/\/leddesign.hu\/wp-content\/uploads\/2025\/02\/IMG_20241124_190559_912-300x225.jpg 300w, https:\/\/leddesign.hu\/wp-content\/uploads\/2025\/02\/IMG_20241124_190559_912-1024x768.jpg 1024w, https:\/\/leddesign.hu\/wp-content\/uploads\/2025\/02\/IMG_20241124_190559_912-768x576.jpg 768w, https:\/\/leddesign.hu\/wp-content\/uploads\/2025\/02\/IMG_20241124_190559_912-1536x1152.jpg 1536w, https:\/\/leddesign.hu\/wp-content\/uploads\/2025\/02\/IMG_20241124_190559_912-2048x1536.jpg 2048w\" sizes=\"auto, (max-width: 2560px) 100vw, 2560px\" \/><figcaption class=\"wp-element-caption\"><strong><mark style=\"background-color:rgba(0, 0, 0, 0);color:#010101\" class=\"has-inline-color\">RGB \u00e1gyvil\u00e1g\u00edt\u00e1s t\u00e1vir\u00e1ny\u00edt\u00f3s vez\u00e9rl\u0151vel, hangakt\u00edv m\u00f3ddal<\/mark><\/strong><\/figcaption><\/figure>\n\n\n\n<figure class=\"wp-block-image aligncenter size-full\"><img loading=\"lazy\" decoding=\"async\" width=\"2560\" height=\"2560\" src=\"https:\/\/leddesign.hu\/wp-content\/uploads\/2025\/02\/Polish_20250224_165437441-scaled.jpg\" alt=\"\" class=\"wp-image-43\" srcset=\"https:\/\/leddesign.hu\/wp-content\/uploads\/2025\/02\/Polish_20250224_165437441-scaled.jpg 2560w, https:\/\/leddesign.hu\/wp-content\/uploads\/2025\/02\/Polish_20250224_165437441-300x300.jpg 300w, https:\/\/leddesign.hu\/wp-content\/uploads\/2025\/02\/Polish_20250224_165437441-1024x1024.jpg 1024w, https:\/\/leddesign.hu\/wp-content\/uploads\/2025\/02\/Polish_20250224_165437441-150x150.jpg 150w, https:\/\/leddesign.hu\/wp-content\/uploads\/2025\/02\/Polish_20250224_165437441-768x768.jpg 768w, https:\/\/leddesign.hu\/wp-content\/uploads\/2025\/02\/Polish_20250224_165437441-1536x1536.jpg 1536w, https:\/\/leddesign.hu\/wp-content\/uploads\/2025\/02\/Polish_20250224_165437441-2048x2048.jpg 2048w\" sizes=\"auto, (max-width: 2560px) 100vw, 2560px\" \/><figcaption class=\"wp-element-caption\"><strong><mark style=\"background-color:rgba(0, 0, 0, 0);color:#000000\" class=\"has-inline-color\">\u00dcnnepi dekor\u00e1ci\u00f3<\/mark><\/strong><\/figcaption><\/figure>\n\n\n\n<figure class=\"wp-block-image size-large\"><img loading=\"lazy\" decoding=\"async\" width=\"768\" height=\"1024\" src=\"http:\/\/leddesign.hu\/wp-content\/uploads\/2025\/04\/IMG_20230618_144423_544-768x1024.jpg\" alt=\"\" class=\"wp-image-242\" srcset=\"https:\/\/leddesign.hu\/wp-content\/uploads\/2025\/04\/IMG_20230618_144423_544-768x1024.jpg 768w, https:\/\/leddesign.hu\/wp-content\/uploads\/2025\/04\/IMG_20230618_144423_544-225x300.jpg 225w, https:\/\/leddesign.hu\/wp-content\/uploads\/2025\/04\/IMG_20230618_144423_544-1152x1536.jpg 1152w, https:\/\/leddesign.hu\/wp-content\/uploads\/2025\/04\/IMG_20230618_144423_544-1536x2048.jpg 1536w, https:\/\/leddesign.hu\/wp-content\/uploads\/2025\/04\/IMG_20230618_144423_544-scaled.jpg 1920w\" sizes=\"auto, (max-width: 768px) 100vw, 768px\" \/><\/figure>\n\n\n\n<figure class=\"wp-block-image size-large\"><img loading=\"lazy\" decoding=\"async\" width=\"1024\" height=\"768\" src=\"https:\/\/leddesign.hu\/wp-content\/uploads\/2026\/01\/IMG_20251125_205410_388-1024x768.jpg\" alt=\"\" class=\"wp-image-257\" srcset=\"https:\/\/leddesign.hu\/wp-content\/uploads\/2026\/01\/IMG_20251125_205410_388-1024x768.jpg 1024w, https:\/\/leddesign.hu\/wp-content\/uploads\/2026\/01\/IMG_20251125_205410_388-300x225.jpg 300w, https:\/\/leddesign.hu\/wp-content\/uploads\/2026\/01\/IMG_20251125_205410_388-768x576.jpg 768w, https:\/\/leddesign.hu\/wp-content\/uploads\/2026\/01\/IMG_20251125_205410_388-1536x1152.jpg 1536w, https:\/\/leddesign.hu\/wp-content\/uploads\/2026\/01\/IMG_20251125_205410_388-2048x1536.jpg 2048w\" sizes=\"auto, (max-width: 1024px) 100vw, 1024px\" \/><\/figure>\n\n\n\n<p class=\"has-text-align-center\"><mark style=\"background-color:rgba(0, 0, 0, 0);color:#050505\" class=\"has-inline-color\"><strong>Lak\u00e1seloszt\u00f3 bek\u00f6t\u00e9s<\/strong><\/mark><\/p>\n\n\n\n<figure class=\"wp-block-image size-large\"><img loading=\"lazy\" decoding=\"async\" width=\"768\" height=\"1024\" src=\"https:\/\/leddesign.hu\/wp-content\/uploads\/2026\/01\/IMG_20230428_173512_574-768x1024.jpg\" alt=\"\" class=\"wp-image-258\" srcset=\"https:\/\/leddesign.hu\/wp-content\/uploads\/2026\/01\/IMG_20230428_173512_574-768x1024.jpg 768w, https:\/\/leddesign.hu\/wp-content\/uploads\/2026\/01\/IMG_20230428_173512_574-225x300.jpg 225w, https:\/\/leddesign.hu\/wp-content\/uploads\/2026\/01\/IMG_20230428_173512_574-1152x1536.jpg 1152w, https:\/\/leddesign.hu\/wp-content\/uploads\/2026\/01\/IMG_20230428_173512_574-1536x2048.jpg 1536w, https:\/\/leddesign.hu\/wp-content\/uploads\/2026\/01\/IMG_20230428_173512_574-scaled.jpg 1920w\" sizes=\"auto, (max-width: 768px) 100vw, 768px\" \/><\/figure>\n\n\n\n<p class=\"has-text-align-center\"><strong><mark style=\"background-color:rgba(0, 0, 0, 0);color:#010101\" class=\"has-inline-color\">El\u00e1gaz\u00f3 doboz<\/mark><\/strong><\/p>\n\n\n\n<figure class=\"wp-block-image size-large\"><img loading=\"lazy\" decoding=\"async\" width=\"1024\" height=\"709\" src=\"https:\/\/leddesign.hu\/wp-content\/uploads\/2026\/01\/Polish_20251222_205807234-1024x709.jpg\" alt=\"\" class=\"wp-image-260\" srcset=\"https:\/\/leddesign.hu\/wp-content\/uploads\/2026\/01\/Polish_20251222_205807234-1024x709.jpg 1024w, https:\/\/leddesign.hu\/wp-content\/uploads\/2026\/01\/Polish_20251222_205807234-300x208.jpg 300w, https:\/\/leddesign.hu\/wp-content\/uploads\/2026\/01\/Polish_20251222_205807234-768x532.jpg 768w, https:\/\/leddesign.hu\/wp-content\/uploads\/2026\/01\/Polish_20251222_205807234-1536x1063.jpg 1536w, https:\/\/leddesign.hu\/wp-content\/uploads\/2026\/01\/Polish_20251222_205807234-2048x1418.jpg 2048w\" sizes=\"auto, (max-width: 1024px) 100vw, 1024px\" \/><\/figure>\n\n\n\n<p class=\"has-text-align-center\"><strong><mark style=\"background-color:rgba(0, 0, 0, 0);color:#010101\" class=\"has-inline-color\">V\u00edl\u00e1g\u00edt\u00f3s d\u00edszt\u00e1rgy<\/mark><\/strong><\/p>\n\n\n\n<p><\/p>\n","protected":false},"excerpt":{"rendered":"<p>Lak\u00e1seloszt\u00f3 bek\u00f6t\u00e9s El\u00e1gaz\u00f3 doboz V\u00edl\u00e1g\u00edt\u00f3s d\u00edszt\u00e1rgy<\/p>\n","protected":false},"author":1,"featured_media":0,"parent":0,"menu_order":0,"comment_status":"closed","ping_status":"closed","template":"","meta":{"site-container-style":"default","site-container-layout":"default","site-sidebar-layout":"default","site-transparent-header":"default","disable-article-header":"default","disable-site-header":"default","disable-site-footer":"default","disable-content-area-spacing":"default","footnotes":""},"class_list":["post-32","page","type-page","status-publish","hentry"],"yoast_head":"<!-- This site is optimized with the Yoast SEO plugin v26.6 - https:\/\/yoast.com\/wordpress\/plugins\/seo\/ -->\n<title>Munk\u00e1ink - Led Design M\u0171hely<\/title>\n<meta name=\"robots\" content=\"index, follow, max-snippet:-1, max-image-preview:large, max-video-preview:-1\" \/>\n<link rel=\"canonical\" href=\"https:\/\/leddesign.hu\/?page_id=32\" \/>\n<meta property=\"og:locale\" content=\"hu_HU\" \/>\n<meta property=\"og:type\" content=\"article\" \/>\n<meta property=\"og:title\" content=\"Munk\u00e1ink - Led Design M\u0171hely\" \/>\n<meta property=\"og:description\" content=\"Lak\u00e1seloszt\u00f3 bek\u00f6t\u00e9s El\u00e1gaz\u00f3 doboz V\u00edl\u00e1g\u00edt\u00f3s d\u00edszt\u00e1rgy\" \/>\n<meta property=\"og:url\" content=\"https:\/\/leddesign.hu\/?page_id=32\" \/>\n<meta property=\"og:site_name\" content=\"Led Design M\u0171hely\" \/>\n<meta property=\"article:modified_time\" content=\"2026-01-02T23:23:27+00:00\" \/>\n<meta property=\"og:image\" content=\"https:\/\/leddesign.hu\/wp-content\/uploads\/2025\/02\/Polish_20241123_190137465-scaled.jpg\" \/>\n\t<meta property=\"og:image:width\" content=\"2560\" \/>\n\t<meta property=\"og:image:height\" content=\"1920\" \/>\n\t<meta property=\"og:image:type\" content=\"image\/jpeg\" \/>\n<meta name=\"twitter:card\" content=\"summary_large_image\" \/>\n<meta name=\"twitter:label1\" content=\"Becs\u00fclt olvas\u00e1si id\u0151\" \/>\n\t<meta name=\"twitter:data1\" content=\"1 perc\" \/>\n<script type=\"application\/ld+json\" class=\"yoast-schema-graph\">{\"@context\":\"https:\/\/schema.org\",\"@graph\":[{\"@type\":\"WebPage\",\"@id\":\"https:\/\/leddesign.hu\/?page_id=32\",\"url\":\"https:\/\/leddesign.hu\/?page_id=32\",\"name\":\"Munk\u00e1ink - Led Design M\u0171hely\",\"isPartOf\":{\"@id\":\"https:\/\/leddesign.hu\/#website\"},\"primaryImageOfPage\":{\"@id\":\"https:\/\/leddesign.hu\/?page_id=32#primaryimage\"},\"image\":{\"@id\":\"https:\/\/leddesign.hu\/?page_id=32#primaryimage\"},\"thumbnailUrl\":\"https:\/\/leddesign.hu\/wp-content\/uploads\/2025\/02\/Polish_20241123_190137465-scaled.jpg\",\"datePublished\":\"2025-02-24T16:01:15+00:00\",\"dateModified\":\"2026-01-02T23:23:27+00:00\",\"breadcrumb\":{\"@id\":\"https:\/\/leddesign.hu\/?page_id=32#breadcrumb\"},\"inLanguage\":\"hu\",\"potentialAction\":[{\"@type\":\"ReadAction\",\"target\":[\"https:\/\/leddesign.hu\/?page_id=32\"]}]},{\"@type\":\"ImageObject\",\"inLanguage\":\"hu\",\"@id\":\"https:\/\/leddesign.hu\/?page_id=32#primaryimage\",\"url\":\"https:\/\/leddesign.hu\/wp-content\/uploads\/2025\/02\/Polish_20241123_190137465-scaled.jpg\",\"contentUrl\":\"https:\/\/leddesign.hu\/wp-content\/uploads\/2025\/02\/Polish_20241123_190137465-scaled.jpg\",\"width\":2560,\"height\":1920},{\"@type\":\"BreadcrumbList\",\"@id\":\"https:\/\/leddesign.hu\/?page_id=32#breadcrumb\",\"itemListElement\":[{\"@type\":\"ListItem\",\"position\":1,\"name\":\"Kezd\u0151lap\",\"item\":\"https:\/\/leddesign.hu\/\"},{\"@type\":\"ListItem\",\"position\":2,\"name\":\"Munk\u00e1ink\"}]},{\"@type\":\"WebSite\",\"@id\":\"https:\/\/leddesign.hu\/#website\",\"url\":\"https:\/\/leddesign.hu\/\",\"name\":\"Led Design M\u0171hely\",\"description\":\"Villanyszerel\u00e9s \u00e9s LED vil\u00e1g\u00edt\u00e1s\",\"potentialAction\":[{\"@type\":\"SearchAction\",\"target\":{\"@type\":\"EntryPoint\",\"urlTemplate\":\"https:\/\/leddesign.hu\/?s={search_term_string}\"},\"query-input\":{\"@type\":\"PropertyValueSpecification\",\"valueRequired\":true,\"valueName\":\"search_term_string\"}}],\"inLanguage\":\"hu\"}]}<\/script>\n<!-- \/ Yoast SEO plugin. -->","yoast_head_json":{"title":"Munk\u00e1ink - Led Design M\u0171hely","robots":{"index":"index","follow":"follow","max-snippet":"max-snippet:-1","max-image-preview":"max-image-preview:large","max-video-preview":"max-video-preview:-1"},"canonical":"https:\/\/leddesign.hu\/?page_id=32","og_locale":"hu_HU","og_type":"article","og_title":"Munk\u00e1ink - Led Design M\u0171hely","og_description":"Lak\u00e1seloszt\u00f3 bek\u00f6t\u00e9s El\u00e1gaz\u00f3 doboz V\u00edl\u00e1g\u00edt\u00f3s d\u00edszt\u00e1rgy","og_url":"https:\/\/leddesign.hu\/?page_id=32","og_site_name":"Led Design M\u0171hely","article_modified_time":"2026-01-02T23:23:27+00:00","og_image":[{"width":2560,"height":1920,"url":"https:\/\/leddesign.hu\/wp-content\/uploads\/2025\/02\/Polish_20241123_190137465-scaled.jpg","type":"image\/jpeg"}],"twitter_card":"summary_large_image","twitter_misc":{"Becs\u00fclt olvas\u00e1si id\u0151":"1 perc"},"schema":{"@context":"https:\/\/schema.org","@graph":[{"@type":"WebPage","@id":"https:\/\/leddesign.hu\/?page_id=32","url":"https:\/\/leddesign.hu\/?page_id=32","name":"Munk\u00e1ink - Led Design M\u0171hely","isPartOf":{"@id":"https:\/\/leddesign.hu\/#website"},"primaryImageOfPage":{"@id":"https:\/\/leddesign.hu\/?page_id=32#primaryimage"},"image":{"@id":"https:\/\/leddesign.hu\/?page_id=32#primaryimage"},"thumbnailUrl":"https:\/\/leddesign.hu\/wp-content\/uploads\/2025\/02\/Polish_20241123_190137465-scaled.jpg","datePublished":"2025-02-24T16:01:15+00:00","dateModified":"2026-01-02T23:23:27+00:00","breadcrumb":{"@id":"https:\/\/leddesign.hu\/?page_id=32#breadcrumb"},"inLanguage":"hu","potentialAction":[{"@type":"ReadAction","target":["https:\/\/leddesign.hu\/?page_id=32"]}]},{"@type":"ImageObject","inLanguage":"hu","@id":"https:\/\/leddesign.hu\/?page_id=32#primaryimage","url":"https:\/\/leddesign.hu\/wp-content\/uploads\/2025\/02\/Polish_20241123_190137465-scaled.jpg","contentUrl":"https:\/\/leddesign.hu\/wp-content\/uploads\/2025\/02\/Polish_20241123_190137465-scaled.jpg","width":2560,"height":1920},{"@type":"BreadcrumbList","@id":"https:\/\/leddesign.hu\/?page_id=32#breadcrumb","itemListElement":[{"@type":"ListItem","position":1,"name":"Kezd\u0151lap","item":"https:\/\/leddesign.hu\/"},{"@type":"ListItem","position":2,"name":"Munk\u00e1ink"}]},{"@type":"WebSite","@id":"https:\/\/leddesign.hu\/#website","url":"https:\/\/leddesign.hu\/","name":"Led Design M\u0171hely","description":"Villanyszerel\u00e9s \u00e9s LED vil\u00e1g\u00edt\u00e1s","potentialAction":[{"@type":"SearchAction","target":{"@type":"EntryPoint","urlTemplate":"https:\/\/leddesign.hu\/?s={search_term_string}"},"query-input":{"@type":"PropertyValueSpecification","valueRequired":true,"valueName":"search_term_string"}}],"inLanguage":"hu"}]}},"_links":{"self":[{"href":"https:\/\/leddesign.hu\/index.php?rest_route=\/wp\/v2\/pages\/32","targetHints":{"allow":["GET"]}}],"collection":[{"href":"https:\/\/leddesign.hu\/index.php?rest_route=\/wp\/v2\/pages"}],"about":[{"href":"https:\/\/leddesign.hu\/index.php?rest_route=\/wp\/v2\/types\/page"}],"author":[{"embeddable":true,"href":"https:\/\/leddesign.hu\/index.php?rest_route=\/wp\/v2\/users\/1"}],"replies":[{"embeddable":true,"href":"https:\/\/leddesign.hu\/index.php?rest_route=%2Fwp%2Fv2%2Fcomments&post=32"}],"version-history":[{"count":16,"href":"https:\/\/leddesign.hu\/index.php?rest_route=\/wp\/v2\/pages\/32\/revisions"}],"predecessor-version":[{"id":262,"href":"https:\/\/leddesign.hu\/index.php?rest_route=\/wp\/v2\/pages\/32\/revisions\/262"}],"wp:attachment":[{"href":"https:\/\/leddesign.hu\/index.php?rest_route=%2Fwp%2Fv2%2Fmedia&parent=32"}],"curies":[{"name":"wp","href":"https:\/\/api.w.org\/{rel}","templated":true}]}}